{"id":1304,"date":"2025-04-13T16:05:10","date_gmt":"2025-04-13T15:05:10","guid":{"rendered":"https:\/\/www.abstqr-giessen.de\/?page_id=1304"},"modified":"2025-10-31T12:43:47","modified_gmt":"2025-10-31T11:43:47","slug":"demos-und-buendnisse","status":"publish","type":"page","link":"https:\/\/www.abstqr-giessen.de\/?page_id=1304","title":{"rendered":"Demos und B\u00fcndnisse"},"content":{"rendered":"\n<p>Das AB*ST*QR, vertreten durch die <a href=\"https:\/\/www.abstqr-giessen.de\/?page_id=14\" data-type=\"page\" data-id=\"14\">Referentis<\/a>, beteiligt sich an verschiedenen Gie\u00dfener B\u00fcndnissen und Orgagruppen, die sich f\u00fcr eine bunte und vielf\u00e4ltige Gesellschaft einsetzen. So waren wir 2025 zum Beispiel Teil des Feministischen Kampftags am 8. M\u00e4rz, des Trans* Day of Visibility am 31. M\u00e4rz und des CSD Gie\u00dfen am 8. Juni. Au\u00dferdem sind wir auf verschiedenen Stra\u00dfenfesten und Infom\u00e4rkten mit einem Stand vertreten, an dem ihr chillen, basteln oder mit uns ins Gespr\u00e4ch kommen k\u00f6nnt.<\/p>\n\n\n\n<p>Am Feminstischen Kampftag haben wir uns nicht nur bei der FLINTA* Party eingebracht und uns mit einem Stand auf dem Stra\u00dfenfest pr\u00e4sentiert, an dem wir mit Interessierten queere und gequeerte Gesellschaftsspiele gespielt haben &#8211; zur Einstimmung auf die Demo am 8.3. haben wir auch im Vorfeld schon unsere T\u00fcren zum Transpimalen ge\u00f6ffnet. Zum Trans* Day of Visibility haben wir uns an der Organisation der Kundgebung &#8222;Trans* Liberation: Gestern, heute, morgen&#8220; auf dem Berliner Platz beteiligt. <\/p>\n\n\n\n<p><\/p>\n\n\n\n<p><\/p>\n","protected":false},"excerpt":{"rendered":"<p>Das AB*ST*QR, vertreten durch die Referentis, beteiligt sich an verschiedenen Gie\u00dfener B\u00fcndnissen und Orgagruppen, die sich f\u00fcr eine bunte und vielf\u00e4ltige Gesellschaft einsetzen. So waren wir 2025 zum Beispiel Teil des Feministischen Kampftags am 8. M\u00e4rz, des Trans* Day of Visibility am 31. M\u00e4rz und des CSD Gie\u00dfen am 8. Juni. Au\u00dferdem sind wir auf [&hellip;]<\/p>\n","protected":false},"author":6,"featured_media":0,"parent":8,"menu_order":0,"comment_status":"closed","ping_status":"closed","template":"","meta":{"footnotes":""},"class_list":["post-1304","page","type-page","status-publish","hentry"],"_links":{"self":[{"href":"https:\/\/www.abstqr-giessen.de\/index.php?rest_route=\/wp\/v2\/pages\/1304","targetHints":{"allow":["GET"]}}],"collection":[{"href":"https:\/\/www.abstqr-giessen.de\/index.php?rest_route=\/wp\/v2\/pages"}],"about":[{"href":"https:\/\/www.abstqr-giessen.de\/index.php?rest_route=\/wp\/v2\/types\/page"}],"author":[{"embeddable":true,"href":"https:\/\/www.abstqr-giessen.de\/index.php?rest_route=\/wp\/v2\/users\/6"}],"replies":[{"embeddable":true,"href":"https:\/\/www.abstqr-giessen.de\/index.php?rest_route=%2Fwp%2Fv2%2Fcomments&post=1304"}],"version-history":[{"count":3,"href":"https:\/\/www.abstqr-giessen.de\/index.php?rest_route=\/wp\/v2\/pages\/1304\/revisions"}],"predecessor-version":[{"id":1361,"href":"https:\/\/www.abstqr-giessen.de\/index.php?rest_route=\/wp\/v2\/pages\/1304\/revisions\/1361"}],"up":[{"embeddable":true,"href":"https:\/\/www.abstqr-giessen.de\/index.php?rest_route=\/wp\/v2\/pages\/8"}],"wp:attachment":[{"href":"https:\/\/www.abstqr-giessen.de\/index.php?rest_route=%2Fwp%2Fv2%2Fmedia&parent=1304"}],"curies":[{"name":"wp","href":"https:\/\/api.w.org\/{rel}","templated":true}]}}