{"id":20,"date":"2012-12-14T15:12:38","date_gmt":"2012-12-14T13:12:38","guid":{"rendered":"http:\/\/www.schwulenreferat-gi.de\/schwulenreferat-gi.deBlog\/wordpress\/?page_id=20"},"modified":"2024-06-07T10:16:52","modified_gmt":"2024-06-07T09:16:52","slug":"impressum","status":"publish","type":"page","link":"https:\/\/www.abstqr-giessen.de\/?page_id=20","title":{"rendered":"Impressum"},"content":{"rendered":"<p>Autonomes Bi&#8217;*-Schwulen-Trans*-Queer-Referat im AStA der JLU Gie\u00dfen<br \/>\nOtto-Behaghel-Stra\u00dfe 25d<br \/>\n35394 Gie\u00dfen<br \/>\ne-mail: kontakt@abstqr-giessen.de<\/p>\n<p>Allgemeine Hinweise:<br \/>\nUnverbindlichkeit der Information<br \/>\nDas Autonome Bi*-Schwulen-Trans*-Queer-Referat (im folgenden AB&#8217;*ST&#8217;*QR genannt) hat die Informationen und sonstige Inhalte des Internetauftritts sorgf\u00e4ltig recherchiert und zusammengestellt. Es \u00fcbernimmt jedoch f\u00fcr deren Richtigkeit, Vollst\u00e4ndigkeit oder Aktualit\u00e4t keinerlei Gew\u00e4hr oder Haftung.<\/p>\n<p>\u00c4nderungsvorbehalt<br \/>\nAlle Angaben sind freibleibend und unverbindlich. Das AB&#8217;*ST&#8217;*QR beh\u00e4lt sich vor, den Internetauftritt oder Teile davon ohne gesonderte Ank\u00fcndigung zu ver\u00e4ndern, zu erg\u00e4nzen, zu l\u00f6schen oder die Ver\u00f6ffentlichung zeitweise oder endg\u00fcltig einzustellen.<\/p>\n<p>Verweisungen (Links) auf andere Internetseiten<br \/>\nVom Internetauftritt des AB&#8217;*ST&#8217;*QR aus wird durch Links unmittelbar oder mittelbar auf andere Internetauftritte verwiesen. Deren Inhalt und Gestaltung unterliegen nicht der Kontrolle oder dem Einfluss des AB&#8217;*ST&#8217;*QR. Dieses haftet daher nicht daf\u00fcr.<\/p>\n<p>Urheber- Marken- und andere Schutzrechte<br \/>\n\u00a9 2018 AB&#8217;*ST&#8217;*QR. Alle Rechte vorbehalten. Die Inhalte und ihre Anordnung auf den Seiten dieses Internetauftritts unterliegen dem Schutz des Urheberrechts und anderer Schutzgesetze. Sie d\u00fcrfen ganz oder auszugsweise nur zum pers\u00f6nlichen, nicht zum kommerziellen Gebrauch verwendet werden. Die in diesem Internetauftritt wiedergegebenen Inhalte wie zum Beispiel Bilder k\u00f6nnen auch dem Urheberrecht Dritter unterliegen.<\/p>\n","protected":false},"excerpt":{"rendered":"<p>Autonomes Bi&#8217;*-Schwulen-Trans*-Queer-Referat im AStA der JLU Gie\u00dfen Otto-Behaghel-Stra\u00dfe 25d 35394 Gie\u00dfen e-mail: kontakt@abstqr-giessen.de Allgemeine Hinweise: Unverbindlichkeit der Information Das Autonome Bi*-Schwulen-Trans*-Queer-Referat (im folgenden AB&#8217;*ST&#8217;*QR genannt) hat die Informationen und sonstige Inhalte des Internetauftritts sorgf\u00e4ltig recherchiert und zusammengestellt. Es \u00fcbernimmt jedoch f\u00fcr deren Richtigkeit, Vollst\u00e4ndigkeit oder Aktualit\u00e4t keinerlei Gew\u00e4hr oder Haftung. \u00c4nderungsvorbehalt Alle Angaben sind freibleibend [&hellip;]<\/p>\n","protected":false},"author":2,"featured_media":0,"parent":0,"menu_order":6,"comment_status":"open","ping_status":"open","template":"","meta":{"footnotes":""},"class_list":["post-20","page","type-page","status-publish","hentry"],"_links":{"self":[{"href":"https:\/\/www.abstqr-giessen.de\/index.php?rest_route=\/wp\/v2\/pages\/20","targetHints":{"allow":["GET"]}}],"collection":[{"href":"https:\/\/www.abstqr-giessen.de\/index.php?rest_route=\/wp\/v2\/pages"}],"about":[{"href":"https:\/\/www.abstqr-giessen.de\/index.php?rest_route=\/wp\/v2\/types\/page"}],"author":[{"embeddable":true,"href":"https:\/\/www.abstqr-giessen.de\/index.php?rest_route=\/wp\/v2\/users\/2"}],"replies":[{"embeddable":true,"href":"https:\/\/www.abstqr-giessen.de\/index.php?rest_route=%2Fwp%2Fv2%2Fcomments&post=20"}],"version-history":[{"count":7,"href":"https:\/\/www.abstqr-giessen.de\/index.php?rest_route=\/wp\/v2\/pages\/20\/revisions"}],"predecessor-version":[{"id":1185,"href":"https:\/\/www.abstqr-giessen.de\/index.php?rest_route=\/wp\/v2\/pages\/20\/revisions\/1185"}],"wp:attachment":[{"href":"https:\/\/www.abstqr-giessen.de\/index.php?rest_route=%2Fwp%2Fv2%2Fmedia&parent=20"}],"curies":[{"name":"wp","href":"https:\/\/api.w.org\/{rel}","templated":true}]}}