{"id":356,"date":"2013-01-11T21:23:46","date_gmt":"2013-01-11T20:23:46","guid":{"rendered":"http:\/\/www.schwulenreferat-gi.de\/?page_id=356"},"modified":"2025-10-31T11:06:22","modified_gmt":"2025-10-31T10:06:22","slug":"wintersemester-201213","status":"publish","type":"page","link":"https:\/\/www.abstqr-giessen.de\/?page_id=356","title":{"rendered":"Wintersemester 2012\/13"},"content":{"rendered":"<p><strong>\u00a0<\/strong><\/p>\n<p>11.10.2012 \u2013 <strong>Trans*-Treffen<\/strong> im Gartenhaus. Ab 18 Uhr.<\/p>\n<p>19.10.2012 \u2013 <strong>Vortrag<\/strong> Dr. Heinz-J\u00fcrgen Voss. Ab 19 Uhr, im Margarete-Bieber-Saal.<\/p>\n<p>24.10.2012 &#8211;<strong> Queere Ringvorlesung<\/strong>: Dr. Nadyne Stritzke \u2014 (Nicht-)Fiktionale genderqueere Alternativen: Infragestellungen einer bin\u00e4ren sex\/gender-Unterscheidung. Vortrag um 18.30 Uhr im Gro\u00dfen H\u00f6rsaal \u201eAUB 1\u2033 (Alte UB, Bismarckstra\u00dfe 37)<\/p>\n<p>31.10.2012 \u2013 Mittwoch: 20 Uhr <strong>Halloween Party<\/strong> im Gartenhaus.<\/p>\n<p>07.11.2012 \u2013 <strong> Queere Ringvorlesung<\/strong>: Dagmar Fink \u2014 Miss_Verst\u00e4ndnisse im Kino: Queere Weiblichkeiten zwischen Maskerade, Camp und Parodie. Vortrag um 18.30Uhr im Gro\u00dfen H\u00f6rsaal \u201eAUB 1\u2033 (Alte UB, Bismarckstra\u00dfe 37)<\/p>\n<p>08.11.2012 \u2013 <strong>Trans*-Treffen<\/strong> im Gartenhaus. Ab 18 Uhr.<\/p>\n<p>21.11.2012 \u2013 <strong> Queere Ringvorlesung<\/strong>: Katrin Gottschalk &amp; Chris K\u00f6ver \u2014 Von der Courage zur Gazelle \u2013 eine kleine Geschichte feministischer Zeitschriften in Deutschland. Vortrag um 18.30Uhr im Gro\u00dfen H\u00f6rsaal \u201eAUB 1\u2033 (Alte UB, Bismarckstra\u00dfe 37)<\/p>\n<p>22.11.2012 \u2013 Donnerstag: 20 Uhr <strong>Lesung \u201eOrlando\u201c <\/strong>mit dem Leseprojekt \u201elesErleben\u201c.<\/p>\n<p>05.12.2012 \u2013 <strong> Queere Ringvorlesung<\/strong>: Prof. Dr. Lann Hornscheidt \u2014 von studentInnen \u00fcber studierende bis zu studierX: k\u00f6nnen sprachliche benennungen gerecht sein \u2013 und f\u00fcr wen_welche_wex?. Vortrag um 18.30 Uhr im Gro\u00dfen H\u00f6rsaal \u201eAUB 1\u2033 (Alte UB, Bismarckstra\u00dfe 37)<\/p>\n<p>06.12.2012 \u2013 Donnerstag: 20 Uhr <strong>Filmabend \u201eOrlando\u201c<\/strong> mit anschlie\u00dfender Diskussion und Gl\u00fchweinabend.<\/p>\n<p>13.12.2012 \u2013 <strong>Trans*-Treffen<\/strong> im Gartenhaus. Ab 18 Uhr.<\/p>\n<p>19.12.2012 \u2013 <strong> Queere Ringvorlesung<\/strong>: Karoline Boehm \u2014 Jenseits der Monogamie: Polyamorie in Biografien, Begehrensstrukturen und Netzwerken. Vortrag um 18.30 Uhr im Gro\u00dfen H\u00f6rsaal \u201eAUB 1\u2033 (Alte UB, Bismarckstra\u00dfe 37)<\/p>\n<p>10.01.2013 \u2013 <strong>Trans*-Treffen<\/strong> im Gartenhaus. Ab 18 Uhr.<\/p>\n<p>20.01.2013 \u2013 <strong>queer-feministischer Brunch<\/strong>. Ab 12 Uhr im Gartenhaus.<\/p>\n<p>23.01.2013 \u2013 <strong> Queere Ringvorlesung<\/strong>: Dr. Rainer Herrn \u2014 \u201eDie Zahl der denkbaren und tats\u00e4chlichen Sexualtypen ist unendlich.\u201c Geschlechterutopische Dimensionen in Magnus Hirschfelds Zwischenstufentheorie (1910) und ihre Rezeptionen.. Vortrag um 18.30 Uhr im Gro\u00dfen H\u00f6rsaal \u201eAUB 1\u2033 (Alte UB, Bismarckstra\u00dfe 37)<\/p>\n<p>25.01.2013 \u2013 Freitag: 20 Uhr <strong>Filmabend \u201eKriegerin\u201c<\/strong> mit anschlie\u00dfender Diskussion, dieser Film ist der Auftakt zur Lesereihe \u201eFrauen und Gewalt\u201c.<\/p>\n<p>06.02.2013 \u2013 <strong> Queere Ringvorlesung<\/strong>: Katharina Payk \u2014 Kreuz und Queer. Queer-feministische Sichtweisen in der Theologie.. Vortrag um 18.30 Uhr im Gro\u00dfen H\u00f6rsaal \u201eAUB 1\u2033 (Alte UB, Bismarckstra\u00dfe 37)<\/p>\n<p>14.02.2013 \u2013 <strong>Trans*-Treffen<\/strong> im Gartenhaus. Ab 18 Uhr.<\/p>\n<p>15.02.2013 \u2013 <strong>Poly-Treffen<\/strong>. Um 18 Uhr im Gartenhaus.<\/p>\n<p>17.02.2013 \u2013 <strong>queer-feministischer Brunch<\/strong>. Ab 12 Uhr im Gartenhaus.<\/p>\n<p>14.03.2013 \u2013 <strong>Trans*-Treffen<\/strong> im Gartenhaus. Ab 18 Uhr.<\/p>\n<p>17.03.2013 \u2013 <strong>queer-feministischer Brunch<\/strong>. Ab 12 Uhr im Gartenhaus.<\/p>\n<p>&nbsp;<\/p>\n","protected":false},"excerpt":{"rendered":"<p>\u00a0 11.10.2012 \u2013 Trans*-Treffen im Gartenhaus. Ab 18 Uhr. 19.10.2012 \u2013 Vortrag Dr. Heinz-J\u00fcrgen Voss. Ab 19 Uhr, im Margarete-Bieber-Saal. 24.10.2012 &#8211; Queere Ringvorlesung: Dr. Nadyne Stritzke \u2014 (Nicht-)Fiktionale genderqueere Alternativen: Infragestellungen einer bin\u00e4ren sex\/gender-Unterscheidung. Vortrag um 18.30 Uhr im Gro\u00dfen H\u00f6rsaal \u201eAUB 1\u2033 (Alte UB, Bismarckstra\u00dfe 37) 31.10.2012 \u2013 Mittwoch: 20 Uhr Halloween Party [&hellip;]<\/p>\n","protected":false},"author":2,"featured_media":0,"parent":11,"menu_order":-13,"comment_status":"open","ping_status":"open","template":"","meta":{"footnotes":""},"class_list":["post-356","page","type-page","status-publish","hentry"],"_links":{"self":[{"href":"https:\/\/www.abstqr-giessen.de\/index.php?rest_route=\/wp\/v2\/pages\/356","targetHints":{"allow":["GET"]}}],"collection":[{"href":"https:\/\/www.abstqr-giessen.de\/index.php?rest_route=\/wp\/v2\/pages"}],"about":[{"href":"https:\/\/www.abstqr-giessen.de\/index.php?rest_route=\/wp\/v2\/types\/page"}],"author":[{"embeddable":true,"href":"https:\/\/www.abstqr-giessen.de\/index.php?rest_route=\/wp\/v2\/users\/2"}],"replies":[{"embeddable":true,"href":"https:\/\/www.abstqr-giessen.de\/index.php?rest_route=%2Fwp%2Fv2%2Fcomments&post=356"}],"version-history":[{"count":6,"href":"https:\/\/www.abstqr-giessen.de\/index.php?rest_route=\/wp\/v2\/pages\/356\/revisions"}],"predecessor-version":[{"id":863,"href":"https:\/\/www.abstqr-giessen.de\/index.php?rest_route=\/wp\/v2\/pages\/356\/revisions\/863"}],"up":[{"embeddable":true,"href":"https:\/\/www.abstqr-giessen.de\/index.php?rest_route=\/wp\/v2\/pages\/11"}],"wp:attachment":[{"href":"https:\/\/www.abstqr-giessen.de\/index.php?rest_route=%2Fwp%2Fv2%2Fmedia&parent=356"}],"curies":[{"name":"wp","href":"https:\/\/api.w.org\/{rel}","templated":true}]}}