{"id":360,"date":"2013-01-11T21:25:51","date_gmt":"2013-01-11T20:25:51","guid":{"rendered":"http:\/\/www.schwulenreferat-gi.de\/?page_id=360"},"modified":"2014-07-16T19:42:52","modified_gmt":"2014-07-16T18:42:52","slug":"sommersemester-2012","status":"publish","type":"page","link":"https:\/\/www.abstqr-giessen.de\/?page_id=360","title":{"rendered":"Sommersemester 2012"},"content":{"rendered":"<p>13.09.2012 \u2013 &lt;strong&gt;Trans*-Treffen&lt;\/strong&gt; im Gartenhaus. Ab 19 Uhr.<\/p>\n<p>01.09.2012 -&lt;strong&gt; CSD-Mittelhessen &lt;\/strong&gt;Diesmal in Gie\u00dfen.<\/p>\n<p>23.08.2012 \u2013 &lt;strong&gt;Trans*-Treffen&lt;\/strong&gt; im Gartenhaus. Ab 19 Uhr.<\/p>\n<p>21.07.2012. &lt;strong&gt;CSD-Frankfurt&lt;\/strong&gt;.<\/p>\n<p>20.07.2012 \u2013 &lt;strong&gt;Trans*-Treffen&lt;\/strong&gt; im Gartenhaus. Weitere Informationen folgen.<\/p>\n<p>16.07.2012. 19.15. &lt;strong&gt;Vortrag&lt;\/strong&gt; im Rahmen der Queeren Ringvorlesung Gie\u00dfen. Evelyn Kleinert: \u201eDie Bedeutung des Geschlechts f\u00fcr die Medizin\u201c. Mehr Informationen unter &lt;a href=&#8220;http:\/\/www.queere-ringvorlesung.de&#8220;&gt;www.queere-ringvorlesung.de&lt;\/a&gt;<\/p>\n<p>02.07.2012. 19.15. &lt;strong&gt;Vortrag&lt;\/strong&gt; im Rahmen der Queeren RingvorlesungGie\u00dfen. Dr. Antke Engel: \u201eDas Bild als Queereur \u2013 Queere \u00e4sthetische Strategien im Kontext multipler Machtverh\u00e4ltnisse\u201c. Mehr Informationen unter &lt;a href=&#8220;http:\/\/www.queere-ringvorlesung.de&#8220;&gt;www.queere-ringvorlesung.de&lt;\/a&gt;<\/p>\n<p>26.06.2012 \u2013 &lt;strong&gt;Filmabend &lt;\/strong&gt;im Gartenhaus. Ab 20 Uhr. Wir zeigen \u201eRomeos\u201c. Der Film handelt von dem schwulen Transmann Lukas.<\/p>\n<p>30.06.2012 \u2013 Stand auf dem Sommerfest.<\/p>\n<p>18.06.2012. 19.15. &lt;strong&gt;Vortrag&lt;\/strong&gt; im Rahmen der Queeren Ringvorlesung Gie\u00dfen. Jan V\u00f6lker: \u201eFujoshi. Das queere Potential von Boys\u2018 Love Manga und ihrer Leser_innen\u201c. Mehr Informationen unter &lt;a href=&#8220;http:\/\/www.queere-ringvorlesung.de&#8220;&gt;www.queere-ringvorlesung.de&lt;\/a&gt;<\/p>\n<p>04.06.2012. 19.15. &lt;strong&gt;Vortrag&lt;\/strong&gt; im Rahmen der Queeren Ringvorlesung Gie\u00dfen. Uli Meyer: \u201eGirlfags &amp;amp; Guydykes \u2013 Schwule Frauen und lesbische M\u00e4nner zwischen Aprischerz, Fetisch und queerer Identit\u00e4t\u201c. Mehr Informationen unter &lt;a href=&#8220;http:\/\/www.queere-ringvorlesung.de&#8220;&gt;www.queere-ringvorlesung.de&lt;\/a&gt;<\/p>\n<p>21.05.2012. 19.15. &lt;strong&gt;Vortrag&lt;\/strong&gt; im Rahmen der Queeren Ringvorlesung Gie\u00dfen. &lt;em&gt;Leider f\u00e4llt folgender Vortrag aus: Dagmar Fink: \u201eMiss_verst\u00e4ndnisse im Kino \u2013 Queere Weiblichkeiten zwischen Maskerade, Camp und Parodie\u201c&lt;\/em&gt;. Daf\u00fcr wird Dr. Heinz-J\u00fcrgen Vo\u00df einen Vortrag zum Thema \u201eIntersex \u2013 nach der parteiischen Stellungnahme des Deutschen Ethikrates \u201aIntersexualit\u00e4t\u2018 ist weiteres Streiten notwendig\u201c halten. Mehr Informationen unter &lt;a href=&#8220;http:\/\/www.queere-ringvorlesung.de&#8220;&gt;www.queere-ringvorlesung.de&lt;\/a&gt;<\/p>\n<p>11.05.2012 \u2013 &lt;strong&gt;Filmabend &lt;\/strong&gt;im Gartenhaus. Ab 19 Uhr. Wir zeigen \u201eW\u00fcstenblume\u201c<\/p>\n<p>07.05.2012. 19.15. &lt;strong&gt;Vortrag&lt;\/strong&gt; im Rahmen der Queeren Ringvorlesung Gie\u00dfen. Constance Ohms: \u201eDas Fremde in mir \u2013 Gewalt in homosexuellen Beziehungen\u201c. Mehr Informationen unter &lt;a href=&#8220;http:\/\/www.queere-ringvorlesung.de&#8220;&gt;www.queere-ringvorlesung.de&lt;\/a&gt;<\/p>\n<p>27.04.2012 \u2013 &lt;b&gt;Vollversammlung&lt;\/b&gt; aller schwulen, queeren, bisexuellen Studierenden. Ab 14 Uhr im Gartenhaus. Es stehen Neuwahlen an und neue Projekte. Es wird also spannend. (Die Vollversammlung wurde auf Grund anderer Veranstaltungen auf den 27.04.2012 verschoben)<\/p>\n<p>25.04.2012 \u2013 14.15 Uhr. &lt;strong&gt;\u00d6ffentliche Senatssitzung &lt;\/strong&gt;im Uni-Hauptgeb\u00e4ude. Hier werden mehrere interessante Anfragen behandelt werden.<\/p>\n<p>24.04.2012. &lt;strong&gt;Vortrag und Infoveranstaltung&lt;\/strong&gt; zu Genitalverst\u00fcmmelungen an Kindern am Universit\u00e4tsklinikum Gie\u00dfen und Marburg<br \/>\nDa es leider in Gie\u00dfen, wie an vielen anderen Kliniken, immer noch \u00fcblich ist, dass Kinder mit \u201euneindeutigen Geschlechtsmerkmalen\u201c derartigen Operationen unterworfen werden, informiert die Menschenrechtsgruppe &lt;a href=&#8220;http:\/\/www.zwischengeschlecht.org&#8220;&gt;zwischengeschlecht.org&lt;\/a&gt; \u00fcber diese Praktiken in Gie\u00dfen und Marburg und \u00fcber die psychischen Folgen, die die Operationen f\u00fcr die Betroffenen haben.<br \/>\nOrt: Caf\u00e9 Giramondi, Bahnhofstra\u00dfe 53, 35390 Gie\u00dfen. 19 Uhr.<\/p>\n<p>23.04.2012 \u2013 &lt;strong&gt;Infoabend zu den Protesten&lt;\/strong&gt; gegen die Praktiken gegen Intersex-Personen am Universit\u00e4tsklinikum Gie\u00dfen und Marburg: 19 Uhr. H\u00f6rsaal 115 (+1\/0120), H\u00f6rsaalgeb\u00e4ude, Philipps-Universit\u00e4t Marburg<br \/>\n19 Uhr. Der Infoabend findet im H\u00f6rsaal 115 (+1\/0120), H\u00f6rsaalgeb\u00e4ude, Philipps-Universit\u00e4t Marburg, statt.<\/p>\n<p>23.04.2012. 19.15. &lt;strong&gt;Vortrag&lt;\/strong&gt; im Rahmen der Queeren Ringvorlesung Gie\u00dfen. Dr. Mar\u00eda do Mar Castro Varela: \u201ePostkolonialismus und sexuelle Identit\u00e4t\u201c. Mehr Informationen unter &lt;a href=&#8220;http:\/\/www.queere-ringvorlesung.de&#8220;&gt;www.queere-ringvorlesung.de&lt;\/a&gt;<\/p>\n<p>22.04.2012. &lt;strong&gt;Inters*x-Protest&lt;\/strong&gt; vor dem UKGM.<\/p>\n<p>21.04.2012 \u2013 &lt;strong&gt;Fr\u00fchlingsgef\u00fchle-Party&lt;\/strong&gt; im Gartenhaus.<\/p>\n<p>18.04.2012. 17 Uhr. &lt;strong&gt;Vor- Kennenlerntreffen&lt;\/strong&gt; im Gartenhaus f\u00fcr die Vollversammlung am 27.04.<\/p>\n<p>16.04.2012. &lt;strong&gt;\u00d6ffentliche Senatssitzung&lt;\/strong&gt;. Marburg. 14.15 Uhr.<br \/>\nTOP 9: Stellungnahme des Senats zu kosmetischen Genitaloperationen im Universit\u00e4tsklinikum Marburg \/ Gie\u00dfen an Kindern und Jugendlichen (Unterlage Nr. 06-195) \/Senatssitzungssaal Biegenstra\u00dfe 12, 35037 Marburg<\/p>\n<p>15.04.2012. &lt;strong&gt;Protest&lt;\/strong&gt;. 14-17 Uhr. Marburg. Friedlicher Protest gegen Genitalverst\u00fcmmelnde Ma\u00dfnahmen an Kindern im Universit\u00e4tsklinikum Gie\u00dfen und Marburg + \u00dcberreichung eines offenen Briefs: Universit\u00e4tsklinikum Marburg, Haupteingang<br \/>\nBaldinger Stra\u00dfe, 35043 Marburg<\/p>\n","protected":false},"excerpt":{"rendered":"<p>13.09.2012 \u2013 &lt;strong&gt;Trans*-Treffen&lt;\/strong&gt; im Gartenhaus. Ab 19 Uhr. 01.09.2012 -&lt;strong&gt; CSD-Mittelhessen &lt;\/strong&gt;Diesmal in Gie\u00dfen. 23.08.2012 \u2013 &lt;strong&gt;Trans*-Treffen&lt;\/strong&gt; im Gartenhaus. Ab 19 Uhr. 21.07.2012. &lt;strong&gt;CSD-Frankfurt&lt;\/strong&gt;. 20.07.2012 \u2013 &lt;strong&gt;Trans*-Treffen&lt;\/strong&gt; im Gartenhaus. Weitere Informationen folgen. 16.07.2012. 19.15. &lt;strong&gt;Vortrag&lt;\/strong&gt; im Rahmen der Queeren Ringvorlesung Gie\u00dfen. Evelyn Kleinert: \u201eDie Bedeutung des Geschlechts f\u00fcr die Medizin\u201c. Mehr Informationen unter &lt;a href=&#8220;http:\/\/www.queere-ringvorlesung.de&#8220;&gt;www.queere-ringvorlesung.de&lt;\/a&gt; [&hellip;]<\/p>\n","protected":false},"author":2,"featured_media":0,"parent":11,"menu_order":4,"comment_status":"open","ping_status":"open","template":"","meta":{"footnotes":""},"class_list":["post-360","page","type-page","status-publish","hentry"],"_links":{"self":[{"href":"https:\/\/www.abstqr-giessen.de\/index.php?rest_route=\/wp\/v2\/pages\/360","targetHints":{"allow":["GET"]}}],"collection":[{"href":"https:\/\/www.abstqr-giessen.de\/index.php?rest_route=\/wp\/v2\/pages"}],"about":[{"href":"https:\/\/www.abstqr-giessen.de\/index.php?rest_route=\/wp\/v2\/types\/page"}],"author":[{"embeddable":true,"href":"https:\/\/www.abstqr-giessen.de\/index.php?rest_route=\/wp\/v2\/users\/2"}],"replies":[{"embeddable":true,"href":"https:\/\/www.abstqr-giessen.de\/index.php?rest_route=%2Fwp%2Fv2%2Fcomments&post=360"}],"version-history":[{"count":1,"href":"https:\/\/www.abstqr-giessen.de\/index.php?rest_route=\/wp\/v2\/pages\/360\/revisions"}],"predecessor-version":[{"id":361,"href":"https:\/\/www.abstqr-giessen.de\/index.php?rest_route=\/wp\/v2\/pages\/360\/revisions\/361"}],"up":[{"embeddable":true,"href":"https:\/\/www.abstqr-giessen.de\/index.php?rest_route=\/wp\/v2\/pages\/11"}],"wp:attachment":[{"href":"https:\/\/www.abstqr-giessen.de\/index.php?rest_route=%2Fwp%2Fv2%2Fmedia&parent=360"}],"curies":[{"name":"wp","href":"https:\/\/api.w.org\/{rel}","templated":true}]}}