{"id":364,"date":"2013-01-11T21:27:27","date_gmt":"2013-01-11T20:27:27","guid":{"rendered":"http:\/\/www.schwulenreferat-gi.de\/?page_id=364"},"modified":"2014-07-16T19:43:01","modified_gmt":"2014-07-16T18:43:01","slug":"sommersemester-2011","status":"publish","type":"page","link":"https:\/\/www.abstqr-giessen.de\/?page_id=364","title":{"rendered":"Sommersemester 2011"},"content":{"rendered":"<p>30.08.2011 &#8211; Treffen der Arbeitsgruppe &#8222;queere Ringvorlesung&#8220; im Gartenhaus. Mehr Informationen unter &#8222;Blog&#8220;. Ab 19.30 Uhr. (12 Personen)<\/p>\n<p>11.08.2011 \u2013 Filmabend und Kennenlerntreffen im Gartenhaus. Ab 18 Uhr ge\u00f6ffnet. Ab 20 Uhr Film &#8222;Transamerica&#8220;. (30-35 Personen)<\/p>\n<p>30.07.2011 \u2013 CSD-Umzug-Teilnahme. Zusammen mit der AIDS-Hilfe Gie\u00dfen und anderen Gruppen aus Gie\u00dfen und Umgebung werden wir wieder mit einem eigenen Wagen auf dem CSD in Frankfurt vertreten sein. Mehr dazu &lt;a href=&#8220;http:\/\/schwulenreferat.blogsport.de\/2011\/07\/28\/30-07-2011-demo-auf-dem-csd-frankfurt\/&#8220;&gt;&lt;b&gt;hier&lt;\/b&gt; und in den aktuelleren Blogeintr\u00e4gen.&lt;\/a&gt;<\/p>\n<p>&lt;a href=&#8220;http:\/\/schwulenreferat.blogsport.de\/2011\/07\/28\/30-07-2011-demo-auf-dem-csd-frankfurt\/&#8220;&gt;03.-05.06.2011 \u2013 &lt;b&gt;Trans*tagung M\u00fcnchen&lt;\/b&gt;<br \/>\nWir besuchten die Trans*-Tagung in M\u00fcnchen. \u201eTrans*Aktion, Vernetzung und \u00d6ffentlichkeit\u201c<br \/>\n&lt;\/a&gt;&lt;a href=&#8220;http:\/\/www.transtagung-muenchen.com\/&#8220; target=&#8220;_blank&#8220;&gt;&lt;b&gt;-&amp;gt;Link zur Homepage&lt;\/b&gt;&lt;\/a&gt;<\/p>\n<p>Mai 2011 \u2013 &lt;b&gt;Wir besuchten das GenderCamp, H\u00fcll&lt;\/b&gt;<br \/>\nBei Hamburg. &lt;a href=&#8220;https:\/\/www.waldschloesschen.org&#8220; target=&#8220;_blank&#8220;&gt;&lt;b&gt;-&amp;gt;Link zur Veranstaltungswebseite&lt;\/b&gt;&lt;\/a&gt;<\/p>\n<p>08.06.2011 \u2013 Filmabend zum Thema Sexarbeit. Wir zeigen den Film \u201eMy Normal\u201c ab 19 Uhr.<\/p>\n<p>25.05.2011 \u2013 Spieleabend im Gartenhaus. Wir spielten Siedler. Das Basisspiel mit Erweiterung.<\/p>\n<p>04.05.2011 \u2013 Filmabend zum Thema \u201eComing Out\u201c. Zeigen werden wir den Film \u201eLost&amp;amp;Delirious\u201c oder \u201eSommersturm\u201c, wie ihr wollt. \u2013 im Anschluss kann bei Bedarf ausgiebig \u00fcber den Film, das \u201eComing Out\u201c und alles andere geredet werden, was euch auf dem Herzen liegt. Gerne auch nicht nur das lesbische oder schwule \u201eComing Out\u201c. Vielleicht auch das Trans*-\u201cComing Out\u201c oder die Verb\u00fcndelung von mehreren Themen, mit denen ihr euch oder wir uns outen \u201emusstet\/mussten\u201c<\/p>\n<p>27.04.2011 \u2013 Vollversammlung aller Schwulen, Bisexuellen, Pansexuellen, Queeren, Trans* (-sexuellen, -identen, -gender) und GirlFags findet im Gartenhaus statt. Um 16 Uhr. Mehr Informationen zu den einzelnen Themen der Vollversammlung gibt es unter www.schwulenreferat.blogsport.de<\/p>\n<p>20.04.2011 \u2013 Fr\u00fchlingsgef\u00fchle-Party. Er\u00f6ffnung des Gartenhauses. Semesteranfang. Trinken \u2013 Tanzen \u2013 Turteln. Kommt vorbei und feiert mit uns den Fr\u00fchling und das neue Semester! Bringt gerne was zu Trinken oder Essen, Freund_innen und vor allen Dinge gute Laune mit &lt;img alt=&#8220;:)&#8220; src=&#8220;http:\/\/schwulenreferat.blogsport.de\/wp-images\/smilies\/icon_smile.gif&#8220; \/&gt;<\/p>\n","protected":false},"excerpt":{"rendered":"<p>30.08.2011 &#8211; Treffen der Arbeitsgruppe &#8222;queere Ringvorlesung&#8220; im Gartenhaus. Mehr Informationen unter &#8222;Blog&#8220;. Ab 19.30 Uhr. (12 Personen) 11.08.2011 \u2013 Filmabend und Kennenlerntreffen im Gartenhaus. Ab 18 Uhr ge\u00f6ffnet. Ab 20 Uhr Film &#8222;Transamerica&#8220;. (30-35 Personen) 30.07.2011 \u2013 CSD-Umzug-Teilnahme. Zusammen mit der AIDS-Hilfe Gie\u00dfen und anderen Gruppen aus Gie\u00dfen und Umgebung werden wir wieder mit [&hellip;]<\/p>\n","protected":false},"author":2,"featured_media":0,"parent":11,"menu_order":6,"comment_status":"open","ping_status":"open","template":"","meta":{"footnotes":""},"class_list":["post-364","page","type-page","status-publish","hentry"],"_links":{"self":[{"href":"https:\/\/www.abstqr-giessen.de\/index.php?rest_route=\/wp\/v2\/pages\/364","targetHints":{"allow":["GET"]}}],"collection":[{"href":"https:\/\/www.abstqr-giessen.de\/index.php?rest_route=\/wp\/v2\/pages"}],"about":[{"href":"https:\/\/www.abstqr-giessen.de\/index.php?rest_route=\/wp\/v2\/types\/page"}],"author":[{"embeddable":true,"href":"https:\/\/www.abstqr-giessen.de\/index.php?rest_route=\/wp\/v2\/users\/2"}],"replies":[{"embeddable":true,"href":"https:\/\/www.abstqr-giessen.de\/index.php?rest_route=%2Fwp%2Fv2%2Fcomments&post=364"}],"version-history":[{"count":2,"href":"https:\/\/www.abstqr-giessen.de\/index.php?rest_route=\/wp\/v2\/pages\/364\/revisions"}],"predecessor-version":[{"id":865,"href":"https:\/\/www.abstqr-giessen.de\/index.php?rest_route=\/wp\/v2\/pages\/364\/revisions\/865"}],"up":[{"embeddable":true,"href":"https:\/\/www.abstqr-giessen.de\/index.php?rest_route=\/wp\/v2\/pages\/11"}],"wp:attachment":[{"href":"https:\/\/www.abstqr-giessen.de\/index.php?rest_route=%2Fwp%2Fv2%2Fmedia&parent=364"}],"curies":[{"name":"wp","href":"https:\/\/api.w.org\/{rel}","templated":true}]}}