{"id":369,"date":"2013-01-11T21:28:25","date_gmt":"2013-01-11T20:28:25","guid":{"rendered":"http:\/\/www.schwulenreferat-gi.de\/?page_id=369"},"modified":"2014-07-16T19:43:08","modified_gmt":"2014-07-16T18:43:08","slug":"sommersemester-2010","status":"publish","type":"page","link":"https:\/\/www.abstqr-giessen.de\/?page_id=369","title":{"rendered":"Sommersemester 2010"},"content":{"rendered":"<p>17.07.2010 \u2013 CSD in Frankfurt: &lt;b&gt;mit eigenem Wagen des Schwulenreferats Gie\u00dfen&lt;\/b&gt;<br \/>\nAuf dem diesj\u00e4hrigen Christopher-Street-Day wird das Schwulenreferat mit einem Gemeinschaftswagen von der AIDS-Hilfe, dem Schwulenreferat Gie\u00dfen und anderen Gruppierungen vertreten sein.<br \/>\nInteresse auf dem Wagen mit dabei zu sein? Dann melde dich! &lt;img alt=&#8220;:)&#8220; src=&#8220;http:\/\/schwulenreferat.blogsport.de\/wp-images\/smilies\/icon_smile.gif&#8220; \/&gt;<\/p>\n<p>16.07.2010 \u2013 Vortrag und Konzert mit dem Thema \u201e&lt;b&gt;Hip Hop ist Schwul&lt;\/b&gt;\u201e,<br \/>\nab 20 Uhr im AK44.<br \/>\n\u201eGro\u00dfe Teile von Hip Hop befinden sich im \u00dcbergang von einem sub- hin zu einem popkulturellen Sammelbecken f\u00fcr sexistische und heteronormative Haltungen. Der Input bietet einen diskursanalystischen Zugang zu exemplarischen Imageinszenierungen und Raplyrics als deren Artikulation an. Desweiteren wird ein Blick auf den ambivalenten Umgang der medialen \u00d6ffentlichkeit mit popul\u00e4ren Rapper_innen vor dem thematischen Hintergrund gerichtet.\u201c<br \/>\n&lt;a href=&#8220;http:\/\/www.ak44.de.vu\/&#8220; target=&#8220;_blank&#8220;&gt;-&amp;gt; Homepage des AK44&lt;\/a&gt;<\/p>\n<p>25.-.27.06.2010 \u2013 &lt;b&gt;\u201eCaf\u00e9 Regenbogen\u201c&lt;\/b&gt; im Rahmen des &lt;b&gt;\u201eSturm&amp;amp;Klang-Festival\u201c&lt;\/b&gt; auf dem Gel\u00e4nde der Uni Gie\u00dfen.<br \/>\nDas autonome Schwulenreferat und das autonome queer-feministische Frauenreferat veranstalten im Rahmen des Sturm&amp;amp;Klang-Festivals (25.-27.Juni 2010) das \u201eCaf\u00e9 Regenbogen\u201c, in dem es veganen Kuchen, fairen Kaffee und queere Kunst geben wird, zu der jede*r etwas beitragen kann.<\/p>\n<p>Ge\u00f6ffnet haben wir Freitag (25.06.2010) von 12-18 Uhr und Samstag (26.06.2010) von 10-18.<\/p>\n<p>Samstag findet um 15 Uhr ein Grrrl-Zine-Workshop statt!<\/p>\n<p>Auf dem Phil2-Gel\u00e4nde werden wir dar\u00fcberhinaus einen Stand haben, welcher als Anlaufstelle f\u00fcr Personen dient, die sich mit sexistischen, homophoben, transphoben und \u00e4hnlichen \u00c4u\u00dferungen konfrontiert sahen und der dar\u00fcber hinaus noch einiges zu bieten hat.<\/p>\n<p>19.06.2010 \u2013 &lt;b&gt;\u201eSchwule-Schwester-Party\u201c&lt;\/b&gt;<br \/>\nDie kleine Schwester der schon fast erwachsenen \u201eSchwule M\u00e4dchen\u201c-Party.<br \/>\nWir laden zum Abend und zur Nacht der offenen T\u00fcr ein.<br \/>\nFinde heraus, was es im Gartenhaus Spannendes gibt, lerne neue Leute kennen, hab\u2018 Spa\u00df!<\/p>\n<p>12.05.2010 \u2013 Film- und Diskussionsabend zum Thema &lt;b&gt;\u201eQueer Porno\u201c&lt;\/b&gt;<br \/>\nGezeigt wurde der Film \u201eThe Raspberry Reich\u201c von Bruce LaBruce.<br \/>\nDas Gartenhaus war so voll wie bei keinem Film- und Diskussionsabend zuvor. (ca 40 Personen)<\/p>\n<p>07.05.2010 \u2013 &lt;b&gt;Schwulen-Vollversammlung&lt;\/b&gt;<\/p>\n","protected":false},"excerpt":{"rendered":"<p>17.07.2010 \u2013 CSD in Frankfurt: &lt;b&gt;mit eigenem Wagen des Schwulenreferats Gie\u00dfen&lt;\/b&gt; Auf dem diesj\u00e4hrigen Christopher-Street-Day wird das Schwulenreferat mit einem Gemeinschaftswagen von der AIDS-Hilfe, dem Schwulenreferat Gie\u00dfen und anderen Gruppierungen vertreten sein. Interesse auf dem Wagen mit dabei zu sein? Dann melde dich! &lt;img alt=&#8220;:)&#8220; src=&#8220;http:\/\/schwulenreferat.blogsport.de\/wp-images\/smilies\/icon_smile.gif&#8220; \/&gt; 16.07.2010 \u2013 Vortrag und Konzert mit dem Thema [&hellip;]<\/p>\n","protected":false},"author":2,"featured_media":0,"parent":11,"menu_order":8,"comment_status":"open","ping_status":"open","template":"","meta":{"footnotes":""},"class_list":["post-369","page","type-page","status-publish","hentry"],"_links":{"self":[{"href":"https:\/\/www.abstqr-giessen.de\/index.php?rest_route=\/wp\/v2\/pages\/369","targetHints":{"allow":["GET"]}}],"collection":[{"href":"https:\/\/www.abstqr-giessen.de\/index.php?rest_route=\/wp\/v2\/pages"}],"about":[{"href":"https:\/\/www.abstqr-giessen.de\/index.php?rest_route=\/wp\/v2\/types\/page"}],"author":[{"embeddable":true,"href":"https:\/\/www.abstqr-giessen.de\/index.php?rest_route=\/wp\/v2\/users\/2"}],"replies":[{"embeddable":true,"href":"https:\/\/www.abstqr-giessen.de\/index.php?rest_route=%2Fwp%2Fv2%2Fcomments&post=369"}],"version-history":[{"count":2,"href":"https:\/\/www.abstqr-giessen.de\/index.php?rest_route=\/wp\/v2\/pages\/369\/revisions"}],"predecessor-version":[{"id":867,"href":"https:\/\/www.abstqr-giessen.de\/index.php?rest_route=\/wp\/v2\/pages\/369\/revisions\/867"}],"up":[{"embeddable":true,"href":"https:\/\/www.abstqr-giessen.de\/index.php?rest_route=\/wp\/v2\/pages\/11"}],"wp:attachment":[{"href":"https:\/\/www.abstqr-giessen.de\/index.php?rest_route=%2Fwp%2Fv2%2Fmedia&parent=369"}],"curies":[{"name":"wp","href":"https:\/\/api.w.org\/{rel}","templated":true}]}}