{"id":40,"date":"2012-12-14T15:19:18","date_gmt":"2012-12-14T13:19:18","guid":{"rendered":"http:\/\/www.schwulenreferat-gi.de\/schwulenreferat-gi.deBlog\/wordpress\/?page_id=40"},"modified":"2024-09-04T08:18:08","modified_gmt":"2024-09-04T07:18:08","slug":"offnungszeitenbibliothek","status":"publish","type":"page","link":"https:\/\/www.abstqr-giessen.de\/?page_id=40","title":{"rendered":"Bibliothek"},"content":{"rendered":"\n<p><strong>Aktuelles<\/strong><\/p>\n\n\n\n<p>Wir arbeiten daran, unseren Medienbestand zu katalogisieren. Die komplette Liste der ausleihbaren Medien findet ihr in K\u00fcrze hier! Haupts\u00e4chlich haben wir Sach- und Fachliteratur zu queeren Themen, Zines, Romane, Comics und auch Filme auf Deutsch und Englisch im Programm. Auf der Suche nach einem bestimmten Buch? Dann fragt gerne an ob wir es haben, und wir schauen nach.<\/p>\n\n\n\n<p>Leider ist unser Budget f\u00fcr Neuanschaffungen sehr begrenzt, aber gebt uns gerne Tipps, wenn euch auff\u00e4llt dass ein bestimmtes Buch sich gut in unserer Bibliothek machen w\u00fcrde.<\/p>\n\n\n\n<p>Ausleihen\/zur\u00fcckgeben k\u00f6nnt ihr im Wintersemester 24\/25 ab dem 31. Oktober (3. Vorlesungswoche) immer am Donnerstag Nachmittag ab 16 Uhr (falls ihr deutlich sp\u00e4ter kommen m\u00f6chtet sagt bitte Bescheid, damit wir nicht vorher schlie\u00dfen). Au\u00dferdem immer bei unseren Veranstaltungen oder kurz davor, denn meistens sind wir Referentis zum Vorbereiten auch fr\u00fcher im Raum. Dar\u00fcber hinaus k\u00f6nnen wir gerne individuelle Termine vereinbaren. <\/p>\n\n\n\n<p><strong>Geschichte der Bibliothek<\/strong><\/p>\n\n\n<p>Wir haben ab dem 01.05.2014 (nicht in der vorlesungsfreien Zeit) mittwochs von 18-19 Uhr ge\u00f6ffnet. Hier ist Zeit f\u00fcr Plausch, Beratung oder Information. Die aktuelle Ausgabe von Queerulant_in liegt ebenso aus, und kann mitgenommen werden, wie Fragen gestellt und neue Leute kennengelernt werden k\u00f6nnen.<\/p>\n<p>Das Archiv des Referats wird seit 2 Jahren ehrenamtlich aufgebaut. Es ist immer noch sehr l\u00f6chrig. Bei Bedarf kann es w\u00e4hrend der \u00d6ffnungszeiten und auch ausserhalb der Zeiten eingesehen werden. Schreibt uns einfach an, wir finden einen Termin.<\/p>\n<p>Unsere Bibliothek umfasst einige B\u00fccher, unser Zeitschriftenarchiv stellt u.a. fast die kompletten GIGI-Ausgaben bereit.<\/p>\n\n\n<p><\/p>\n","protected":false},"excerpt":{"rendered":"<p>Aktuelles Wir arbeiten daran, unseren Medienbestand zu katalogisieren. Die komplette Liste der ausleihbaren Medien findet ihr in K\u00fcrze hier! Haupts\u00e4chlich haben wir Sach- und Fachliteratur zu queeren Themen, Zines, Romane, Comics und auch Filme auf Deutsch und Englisch im Programm. Auf der Suche nach einem bestimmten Buch? Dann fragt gerne an ob wir es haben, [&hellip;]<\/p>\n","protected":false},"author":2,"featured_media":0,"parent":8,"menu_order":0,"comment_status":"open","ping_status":"open","template":"","meta":{"footnotes":""},"class_list":["post-40","page","type-page","status-publish","hentry"],"_links":{"self":[{"href":"https:\/\/www.abstqr-giessen.de\/index.php?rest_route=\/wp\/v2\/pages\/40","targetHints":{"allow":["GET"]}}],"collection":[{"href":"https:\/\/www.abstqr-giessen.de\/index.php?rest_route=\/wp\/v2\/pages"}],"about":[{"href":"https:\/\/www.abstqr-giessen.de\/index.php?rest_route=\/wp\/v2\/types\/page"}],"author":[{"embeddable":true,"href":"https:\/\/www.abstqr-giessen.de\/index.php?rest_route=\/wp\/v2\/users\/2"}],"replies":[{"embeddable":true,"href":"https:\/\/www.abstqr-giessen.de\/index.php?rest_route=%2Fwp%2Fv2%2Fcomments&post=40"}],"version-history":[{"count":8,"href":"https:\/\/www.abstqr-giessen.de\/index.php?rest_route=\/wp\/v2\/pages\/40\/revisions"}],"predecessor-version":[{"id":1242,"href":"https:\/\/www.abstqr-giessen.de\/index.php?rest_route=\/wp\/v2\/pages\/40\/revisions\/1242"}],"up":[{"embeddable":true,"href":"https:\/\/www.abstqr-giessen.de\/index.php?rest_route=\/wp\/v2\/pages\/8"}],"wp:attachment":[{"href":"https:\/\/www.abstqr-giessen.de\/index.php?rest_route=%2Fwp%2Fv2%2Fmedia&parent=40"}],"curies":[{"name":"wp","href":"https:\/\/api.w.org\/{rel}","templated":true}]}}