{"id":46,"date":"2012-12-14T15:20:02","date_gmt":"2012-12-14T13:20:02","guid":{"rendered":"http:\/\/www.schwulenreferat-gi.de\/schwulenreferat-gi.deBlog\/wordpress\/?page_id=46"},"modified":"2024-06-07T07:57:03","modified_gmt":"2024-06-07T06:57:03","slug":"schwule-madchen-party","status":"publish","type":"page","link":"https:\/\/www.abstqr-giessen.de\/?page_id=46","title":{"rendered":"Schwule-M\u00e4dchen-Party"},"content":{"rendered":"<p>Zusammen mit der AIDS-Hilfe Gie\u00dfen e.V. und dem autonomen Queer-feministischen Frauenreferat im AStA der JLU Gie\u00dfen veranstalten wir ungef\u00e4hr 2 Mal im Jahr die Schwule-M\u00e4dchen-Party.<br \/>\n50 Prozent des Umsatzes kommt der AIDS-Hilfe Gie\u00dfen zu Gute. Die Getr\u00e4nkeeinnahmen gehen vollst\u00e4ndig an das autonome Kulturzentrum <a href=\"http:\/\/www.ak44.de.vu\" title=\"http:\/\/www.ak44.de.vu\">AK44<\/a>. So wird die AIDS-Hilfe Gie\u00dfen ebenso unterst\u00fctzt, wie autonome, emanzipierte Strukturen in Gie\u00dfen.<\/p>\n<p>Die offizielle Webseite der Schwule-M\u00e4dchen-Party lautet <a href=\"http:\/\/www.schwule-m\u00e4dchen-party.de\/\" title=\"www.schwule-m\u00e4dchen-party.de\/\">www.schwule-m\u00e4dchen-party.de\/<\/a><\/p>\n<p>Bis jetzt fanden folgende 9 Schwule-M\u00e4dchen-Partys statt (von der ersten Party ist leider kein Flyer-Motiv mehr verf\u00fcgbar):<\/p>\n<p><a href=\"http:\/\/www.schwulenreferat-gi.de\/?attachment_id=108\" rel=\"attachment wp-att-108\"><img loading=\"lazy\" decoding=\"async\" src=\"http:\/\/www.schwulenreferat-gi.de\/wp-content\/uploads\/2012\/12\/2_Schwule-M\u00e4dchen-300x221-150x150.jpg\" alt=\"2_Schwule-M\u00e4dchen-300x221\" width=\"150\" height=\"150\" class=\"alignnone size-thumbnail wp-image-108\" \/><\/a><a href=\"http:\/\/www.schwulenreferat-gi.de\/?attachment_id=107\" rel=\"attachment wp-att-107\"><img loading=\"lazy\" decoding=\"async\" src=\"http:\/\/www.schwulenreferat-gi.de\/wp-content\/uploads\/2012\/12\/neuer-Flyer-copy-300x220-150x150.jpg\" alt=\"neuer-Flyer-copy-300x220\" width=\"150\" height=\"150\" class=\"alignnone size-thumbnail wp-image-107\" \/><\/a><a href=\"http:\/\/www.schwulenreferat-gi.de\/?attachment_id=106\" rel=\"attachment wp-att-106\"><img loading=\"lazy\" decoding=\"async\" src=\"http:\/\/www.schwulenreferat-gi.de\/wp-content\/uploads\/2012\/12\/4_Schwule-M\u00e4dchen-300x200-150x150.jpg\" alt=\"4_Schwule-M\u00e4dchen-300x200\" width=\"150\" height=\"150\" class=\"alignnone size-thumbnail wp-image-106\" \/><\/a><a href=\"http:\/\/www.schwulenreferat-gi.de\/?attachment_id=105\" rel=\"attachment wp-att-105\"><img loading=\"lazy\" decoding=\"async\" src=\"http:\/\/www.schwulenreferat-gi.de\/wp-content\/uploads\/2012\/12\/5_Schwule-M\u00e4dchen-300x213-150x150.jpg\" alt=\"5_Schwule-M\u00e4dchen-300x213\" width=\"150\" height=\"150\" class=\"alignnone size-thumbnail wp-image-105\" \/><\/a><a href=\"http:\/\/www.schwulenreferat-gi.de\/?attachment_id=104\" rel=\"attachment wp-att-104\"><img loading=\"lazy\" decoding=\"async\" src=\"http:\/\/www.schwulenreferat-gi.de\/wp-content\/uploads\/2012\/12\/6_Schwule-M\u00e4dchen-300x217-150x150.jpg\" alt=\"6_Schwule-M\u00e4dchen-300x217\" width=\"150\" height=\"150\" class=\"alignnone size-thumbnail wp-image-104\" \/><\/a><a href=\"http:\/\/www.schwulenreferat-gi.de\/?attachment_id=103\" rel=\"attachment wp-att-103\"><img loading=\"lazy\" decoding=\"async\" src=\"http:\/\/www.schwulenreferat-gi.de\/wp-content\/uploads\/2012\/12\/7_Schwule-M\u00e4dchen-300x210-150x150.jpg\" alt=\"7_Schwule-M\u00e4dchen-300x210\" width=\"150\" height=\"150\" class=\"alignnone size-thumbnail wp-image-103\" \/><\/a><a href=\"http:\/\/www.schwulenreferat-gi.de\/?attachment_id=102\" rel=\"attachment wp-att-102\"><img loading=\"lazy\" decoding=\"async\" src=\"http:\/\/www.schwulenreferat-gi.de\/wp-content\/uploads\/2012\/12\/plakat_schwule_maedchen_02.-300x212-150x150.jpg\" alt=\"plakat_schwule_maedchen_02.-300x212\" width=\"150\" height=\"150\" class=\"alignnone size-thumbnail wp-image-102\" \/><\/a><a href=\"http:\/\/www.schwulenreferat-gi.de\/?attachment_id=109\" rel=\"attachment wp-att-109\"><img loading=\"lazy\" decoding=\"async\" src=\"http:\/\/www.schwulenreferat-gi.de\/wp-content\/uploads\/2012\/12\/headeroben-150x150.jpg\" alt=\"headeroben\" width=\"150\" height=\"150\" class=\"alignnone size-thumbnail wp-image-109\" \/><\/a><\/p>\n","protected":false},"excerpt":{"rendered":"<p>Zusammen mit der AIDS-Hilfe Gie\u00dfen e.V. und dem autonomen Queer-feministischen Frauenreferat im AStA der JLU Gie\u00dfen veranstalten wir ungef\u00e4hr 2 Mal im Jahr die Schwule-M\u00e4dchen-Party. 50 Prozent des Umsatzes kommt der AIDS-Hilfe Gie\u00dfen zu Gute. Die Getr\u00e4nkeeinnahmen gehen vollst\u00e4ndig an das autonome Kulturzentrum AK44. So wird die AIDS-Hilfe Gie\u00dfen ebenso unterst\u00fctzt, wie autonome, emanzipierte Strukturen [&hellip;]<\/p>\n","protected":false},"author":2,"featured_media":0,"parent":1178,"menu_order":0,"comment_status":"open","ping_status":"open","template":"","meta":{"footnotes":""},"class_list":["post-46","page","type-page","status-publish","hentry"],"_links":{"self":[{"href":"https:\/\/www.abstqr-giessen.de\/index.php?rest_route=\/wp\/v2\/pages\/46","targetHints":{"allow":["GET"]}}],"collection":[{"href":"https:\/\/www.abstqr-giessen.de\/index.php?rest_route=\/wp\/v2\/pages"}],"about":[{"href":"https:\/\/www.abstqr-giessen.de\/index.php?rest_route=\/wp\/v2\/types\/page"}],"author":[{"embeddable":true,"href":"https:\/\/www.abstqr-giessen.de\/index.php?rest_route=\/wp\/v2\/users\/2"}],"replies":[{"embeddable":true,"href":"https:\/\/www.abstqr-giessen.de\/index.php?rest_route=%2Fwp%2Fv2%2Fcomments&post=46"}],"version-history":[{"count":7,"href":"https:\/\/www.abstqr-giessen.de\/index.php?rest_route=\/wp\/v2\/pages\/46\/revisions"}],"predecessor-version":[{"id":1182,"href":"https:\/\/www.abstqr-giessen.de\/index.php?rest_route=\/wp\/v2\/pages\/46\/revisions\/1182"}],"up":[{"embeddable":true,"href":"https:\/\/www.abstqr-giessen.de\/index.php?rest_route=\/wp\/v2\/pages\/1178"}],"wp:attachment":[{"href":"https:\/\/www.abstqr-giessen.de\/index.php?rest_route=%2Fwp%2Fv2%2Fmedia&parent=46"}],"curies":[{"name":"wp","href":"https:\/\/api.w.org\/{rel}","templated":true}]}}