{"id":857,"date":"2014-07-12T15:11:48","date_gmt":"2014-07-12T14:11:48","guid":{"rendered":"http:\/\/www.schwulenreferat-gi.de\/?page_id=857"},"modified":"2024-06-19T10:10:40","modified_gmt":"2024-06-19T09:10:40","slug":"namensaenderung-ohne-offizielle-vornamensaenderung-an-der-jlu","status":"publish","type":"page","link":"https:\/\/www.abstqr-giessen.de\/?page_id=857","title":{"rendered":"Namens\u00e4nderung ohne offizielle Vornamens\u00e4nderung an der JLU"},"content":{"rendered":"<p>Du bist eine Trans*-Person, die an der Justus-Liebig-Universit\u00e4t Gie\u00dfen studiert, bist jedoch mit einem Namen angemeldet, mit dem du dich nicht oder nicht mehr identifizierst? Du m\u00f6chtest das \u00e4ndern, aber hast (noch) keine Vornamens\u00e4nderung im Sinne des TSG, PStG oder SBGG vornehmen lassen?<br \/>\nDie \u00c4nderung Deines Vornamens an der JLU ist trotzdem m\u00f6glich: Die JLU akzeptiert den <a href=\"https:\/\/dgti.org\/2021\/09\/05\/der-ergaenzungsausweis-der-dgti-e-v\/\">dgti-Erg\u00e4nzungsausweis<\/a> um Namen und Geschlecht im internen System anzupassen. Neben &#8222;m\u00e4nnlich&#8220; und &#8222;weiblich&#8220; ist in der Datenbank der JLU auch der Eintrag &#8222;divers&#8220; m\u00f6glich.<\/p>\n<p><strong>Kurzanleitung zur \u00c4nderung des Vornamens- und Geschlechtseintrags an der JLU:<\/strong><\/p>\n<ol>\n<li>Hast du einen dgti-Erg\u00e4nzungsausweis? Wenn nicht, kannst Du ihn <a href=\"https:\/\/dgti.org\/2021\/09\/05\/der-ergaenzungsausweis-der-dgti-e-v\/\">hier<\/a> bei der dgti e.V. beantragen. Dazu brauchst Du ein Foto und ein g\u00fcltiges amtliches Ausweisdokument (Perso, Reisepass o.\u00e4.). Wichtig: Der Erg\u00e4nzungsausweis gilt nur solange wie dein amtlicher Ausweis, da er sich auf diesen bezieht. Die Produktion des Erg\u00e4nzungsausweises erfolgt gegen eine geringe Geb\u00fchr an die dgti e.V., der aktuelle Preis steht auf deren Homepage.<\/li>\n<li>Stelle einen Antrag auf \u00c4nderung der Personendaten im <a href=\"https:\/\/gude.uni-giessen.de\/\">GUDE-Portal<\/a> wo Du einen Scan Deines Erg\u00e4nzungsausweises hochl\u00e4dst, ODER lege Deine <a href=\"https:\/\/www.uni-giessen.de\/de\/studium\/faq\/chipkarte\">JLU-Chipkarte (Studierendenausweis\/Semesterticket)<\/a> und Deinen dgti-Erg\u00e4nzungsausweis im <a href=\"https:\/\/www.uni-giessen.de\/de\/org\/admin\/dez\/b\/5\/studisek\">Studierendensekretariat<\/a> vor und bitte darum, dass Dein Name und Geschlecht in der zentralen Datenbank der JLU angepasst werden und eine Chipkarte auf deinen neuen Namen ausgestellt wird. Wenn Du ein neues Foto f\u00fcr die JLU-Chipkarte verwenden m\u00f6chtest, sag das unbedingt dazu, sonst wird automatisch noch einmal das alte Bild benutzt.<\/li>\n<\/ol>\n<p><strong>Wir unterst\u00fctzen Dich!<\/strong><\/p>\n<p>Komplikationen beim Antrag stellen in GUDE? Wir helfen gerne. F\u00e4llt es Dir schwer, den Weg ins Studierendensekretariat allein zu machen und Dein Anliegen dort vorzubringen? Dann kann jemand von uns mitkommen. Oder hast Du Fragen, wie Du bei Bewerbung\/Immatrikulation direkt daf\u00fcr sorgen kannst, dass Dein Name von Anfang an gem\u00e4\u00df Deines Wunsches \u00fcbernommen wird? Schreib uns einfach eine kurze Mail oder komm zu einem unserer Treffen, dann k\u00f6nnen wir alles weitere besprechen.<\/p>\n","protected":false},"excerpt":{"rendered":"<p>Du bist eine Trans*-Person, die an der Justus-Liebig-Universit\u00e4t Gie\u00dfen studiert, bist jedoch mit einem Namen angemeldet, mit dem du dich nicht oder nicht mehr identifizierst? Du m\u00f6chtest das \u00e4ndern, aber hast (noch) keine Vornamens\u00e4nderung im Sinne des TSG, PStG oder SBGG vornehmen lassen? Die \u00c4nderung Deines Vornamens an der JLU ist trotzdem m\u00f6glich: Die JLU [&hellip;]<\/p>\n","protected":false},"author":2,"featured_media":0,"parent":8,"menu_order":0,"comment_status":"open","ping_status":"open","template":"","meta":{"footnotes":""},"class_list":["post-857","page","type-page","status-publish","hentry"],"_links":{"self":[{"href":"https:\/\/www.abstqr-giessen.de\/index.php?rest_route=\/wp\/v2\/pages\/857","targetHints":{"allow":["GET"]}}],"collection":[{"href":"https:\/\/www.abstqr-giessen.de\/index.php?rest_route=\/wp\/v2\/pages"}],"about":[{"href":"https:\/\/www.abstqr-giessen.de\/index.php?rest_route=\/wp\/v2\/types\/page"}],"author":[{"embeddable":true,"href":"https:\/\/www.abstqr-giessen.de\/index.php?rest_route=\/wp\/v2\/users\/2"}],"replies":[{"embeddable":true,"href":"https:\/\/www.abstqr-giessen.de\/index.php?rest_route=%2Fwp%2Fv2%2Fcomments&post=857"}],"version-history":[{"count":5,"href":"https:\/\/www.abstqr-giessen.de\/index.php?rest_route=\/wp\/v2\/pages\/857\/revisions"}],"predecessor-version":[{"id":1200,"href":"https:\/\/www.abstqr-giessen.de\/index.php?rest_route=\/wp\/v2\/pages\/857\/revisions\/1200"}],"up":[{"embeddable":true,"href":"https:\/\/www.abstqr-giessen.de\/index.php?rest_route=\/wp\/v2\/pages\/8"}],"wp:attachment":[{"href":"https:\/\/www.abstqr-giessen.de\/index.php?rest_route=%2Fwp%2Fv2%2Fmedia&parent=857"}],"curies":[{"name":"wp","href":"https:\/\/api.w.org\/{rel}","templated":true}]}}